{"id":16875,"date":"2022-03-20T16:56:13","date_gmt":"2022-03-20T15:56:13","guid":{"rendered":"https:\/\/www.hbod.hr\/odbori\/"},"modified":"2025-04-11T17:12:09","modified_gmt":"2025-04-11T15:12:09","slug":"committees","status":"publish","type":"page","link":"https:\/\/www.hbod.hr\/en\/8cbs\/committees\/","title":{"rendered":"Committees"},"content":{"rendered":"<p>[et_pb_section fb_built=&#8221;1&#8243; custom_padding_last_edited=&#8221;off|desktop&#8221; admin_label=&#8221;hero section&#8221; _builder_version=&#8221;4.18.0&#8243; background_color=&#8221;#08211d&#8221; use_background_color_gradient=&#8221;on&#8221; background_color_gradient_stops=&#8221;#00272b 0%|#054240 100%&#8221; background_color_gradient_start=&#8221;#00272b&#8221; background_color_gradient_end=&#8221;#054240&#8243; min_height=&#8221;533.6px&#8221; custom_margin=&#8221;||-50px|||&#8221; custom_padding=&#8221;48px||27px|||&#8221; custom_padding_tablet=&#8221;130px||130px|&#8221; locked=&#8221;off&#8221; global_colors_info=&#8221;{}&#8221;][et_pb_row column_structure=&#8221;1_2,1_2&#8243; make_equal=&#8221;on&#8221; _builder_version=&#8221;4.16&#8243; background_size=&#8221;initial&#8221; background_position=&#8221;top_left&#8221; background_repeat=&#8221;repeat&#8221; width=&#8221;100%&#8221; max_width=&#8221;100%&#8221; min_height=&#8221;604.8px&#8221; custom_margin=&#8221;|auto|-142px|auto||&#8221; custom_padding=&#8221;|||&#8221; use_custom_width=&#8221;on&#8221; width_unit=&#8221;off&#8221; custom_width_percent=&#8221;100%&#8221; locked=&#8221;off&#8221; global_colors_info=&#8221;{}&#8221;][et_pb_column type=&#8221;1_2&#8243; _builder_version=&#8221;4.16&#8243; custom_padding=&#8221;60px|0px|100px|10%&#8221; custom_padding_tablet=&#8221;20px|10%|0px|10%&#8221; custom_padding_phone=&#8221;20px|10%|0px|10%&#8221; custom_padding_last_edited=&#8221;on|desktop&#8221; global_colors_info=&#8221;{}&#8221; custom_padding__hover=&#8221;|||&#8221;][et_pb_text _builder_version=&#8221;4.27.4&#8243; text_font=&#8221;||||||||&#8221; header_font=&#8221;Merriweather|700|||||||&#8221; header_font_size=&#8221;46px&#8221; header_line_height=&#8221;1.3em&#8221; background_layout=&#8221;dark&#8221; custom_margin=&#8221;||0px|&#8221; animation_style=&#8221;flip&#8221; animation_direction=&#8221;top&#8221; global_colors_info=&#8221;{}&#8221;]<\/p>\n<h1 style=\"text-align: center;\">8th Croatian Botanical Symposium<\/h1>\n<p>[\/et_pb_text][et_pb_text _builder_version=&#8221;4.27.4&#8243; text_font=&#8221;Merriweather||on||||||&#8221; text_text_color=&#8221;rgba(255,255,255,0.5)&#8221; text_font_size=&#8221;26px&#8221; text_line_height=&#8221;1.8em&#8221; header_font=&#8221;||||||||&#8221; background_layout=&#8221;dark&#8221; custom_margin=&#8221;||10px|&#8221; animation_style=&#8221;flip&#8221; animation_direction=&#8221;top&#8221; animation_delay=&#8221;50ms&#8221; text_line_height_tablet=&#8221;1.8em&#8221; text_line_height_last_edited=&#8221;off|desktop&#8221; global_colors_info=&#8221;{}&#8221;]<\/p>\n<p style=\"text-align: center;\">with international participation<\/p>\n<p>[\/et_pb_text][et_pb_text _builder_version=&#8221;4.27.4&#8243; text_font=&#8221;Merriweather||on||||||&#8221; text_text_color=&#8221;rgba(255,255,255,0.5)&#8221; text_font_size=&#8221;26px&#8221; text_line_height=&#8221;1.8em&#8221; header_font=&#8221;||||||||&#8221; background_layout=&#8221;dark&#8221; custom_margin=&#8221;||10px|&#8221; animation_style=&#8221;flip&#8221; animation_direction=&#8221;top&#8221; animation_delay=&#8221;50ms&#8221; text_line_height_tablet=&#8221;1.8em&#8221; text_line_height_last_edited=&#8221;off|desktop&#8221; global_colors_info=&#8221;{}&#8221;]<\/p>\n<p style=\"text-align: center;\">3rd &#8211; 6th September 2025<\/p>\n<p>[\/et_pb_text][et_pb_text _builder_version=&#8221;4.27.4&#8243; text_font=&#8221;Merriweather||on||||||&#8221; text_text_color=&#8221;rgba(255,255,255,0.5)&#8221; text_font_size=&#8221;26px&#8221; text_line_height=&#8221;1.8em&#8221; header_font=&#8221;||||||||&#8221; background_layout=&#8221;dark&#8221; custom_margin=&#8221;||10px|&#8221; animation_style=&#8221;flip&#8221; animation_direction=&#8221;top&#8221; animation_delay=&#8221;50ms&#8221; text_line_height_tablet=&#8221;1.8em&#8221; text_line_height_last_edited=&#8221;off|desktop&#8221; global_colors_info=&#8221;{}&#8221;]<\/p>\n<p style=\"text-align: center;\">Faculty of Agrobiotechnical Sciences, Osijek<\/p>\n<p>[\/et_pb_text][\/et_pb_column][et_pb_column type=&#8221;1_2&#8243; _builder_version=&#8221;4.16&#8243; custom_padding=&#8221;|||&#8221; global_colors_info=&#8221;{}&#8221; custom_padding__hover=&#8221;|||&#8221;][et_pb_image src=&#8221;https:\/\/www.hbod.hr\/wp-content\/uploads\/2025\/01\/8HBS-1-scaled.jpg&#8221; title_text=&#8221;8HBS &#8211; 1&#8243; show_bottom_space=&#8221;off&#8221; _builder_version=&#8221;4.27.4&#8243; width=&#8221;60%&#8221; module_alignment=&#8221;center&#8221; custom_margin=&#8221;||||false|false&#8221; custom_padding=&#8221;||1vw||false|false&#8221; animation_style=&#8221;slide&#8221; animation_direction=&#8221;right&#8221; animation_intensity_slide=&#8221;10%&#8221; always_center_on_mobile=&#8221;off&#8221; locked=&#8221;off&#8221; global_colors_info=&#8221;{}&#8221;][\/et_pb_image][\/et_pb_column][\/et_pb_row][et_pb_row admin_label=&#8221;title and illustration&#8221; _builder_version=&#8221;4.27.4&#8243; background_size=&#8221;initial&#8221; background_position=&#8221;top_left&#8221; background_repeat=&#8221;repeat&#8221; width=&#8221;91.6%&#8221; max_width=&#8221;1126px&#8221; min_height=&#8221;133.8px&#8221; custom_margin=&#8221;|||&#8221; custom_padding=&#8221;56px|||||&#8221; global_colors_info=&#8221;{}&#8221;][et_pb_column type=&#8221;4_4&#8243; _builder_version=&#8221;4.16&#8243; custom_padding=&#8221;|||&#8221; global_colors_info=&#8221;{}&#8221; custom_padding__hover=&#8221;|||&#8221;][et_pb_text _builder_version=&#8221;4.27.4&#8243; text_font=&#8221;||||||||&#8221; header_font=&#8221;Merriweather|700|||||||&#8221; header_text_color=&#8221;#FFFFFF&#8221; header_font_size=&#8221;46px&#8221; header_line_height=&#8221;1.3em&#8221; min_height=&#8221;120.8px&#8221; custom_margin=&#8221;||0px|&#8221; custom_padding=&#8221;17px|||||&#8221; animation_style=&#8221;flip&#8221; animation_direction=&#8221;top&#8221; global_colors_info=&#8221;{}&#8221;]<\/p>\n<h1 style=\"text-align: center;\">Committees<\/h1>\n<p>[\/et_pb_text][\/et_pb_column][\/et_pb_row][\/et_pb_section][et_pb_section fb_built=&#8221;1&#8243; admin_label=&#8221;Speakers&#8221; _builder_version=&#8221;4.16&#8243; custom_padding=&#8221;50px||1px|||&#8221; animation_style=&#8221;zoom&#8221; animation_intensity_zoom=&#8221;10%&#8221; global_colors_info=&#8221;{}&#8221;][\/et_pb_section][et_pb_section fb_built=&#8221;1&#8243; admin_label=&#8221;Speakers&#8221; _builder_version=&#8221;4.16&#8243; min_height=&#8221;484.4px&#8221; custom_margin=&#8221;-42px|||||&#8221; custom_padding=&#8221;0px||1px|||&#8221; animation_style=&#8221;zoom&#8221; animation_intensity_zoom=&#8221;10%&#8221; locked=&#8221;off&#8221; global_colors_info=&#8221;{}&#8221;][et_pb_row _builder_version=&#8221;4.16&#8243; _module_preset=&#8221;default&#8221; max_width=&#8221;1700px&#8221; min_height=&#8221;19.8px&#8221; custom_padding=&#8221;0px|0px|0px|0px|false|false&#8221; locked=&#8221;off&#8221; global_colors_info=&#8221;{}&#8221;][et_pb_column type=&#8221;4_4&#8243; _builder_version=&#8221;4.16&#8243; _module_preset=&#8221;default&#8221; global_colors_info=&#8221;{}&#8221;][et_pb_code _builder_version=&#8221;4.27.4&#8243; _module_preset=&#8221;default&#8221; min_height=&#8221;109px&#8221; global_colors_info=&#8221;{}&#8221;][\/et_pb_code][\/et_pb_column][\/et_pb_row][et_pb_row column_structure=&#8221;1_3,1_3,1_3&#8243; admin_label=&#8221;Contact For&#8221; _builder_version=&#8221;4.27.4&#8243; min_height=&#8221;522.8px&#8221; custom_margin=&#8221;|||&#8221; custom_padding=&#8221;|||&#8221; use_custom_width=&#8221;on&#8221; custom_width_px=&#8221;700px&#8221; locked=&#8221;off&#8221; global_colors_info=&#8221;{}&#8221;][et_pb_column type=&#8221;1_3&#8243; _builder_version=&#8221;4.16&#8243; custom_padding=&#8221;|||&#8221; global_colors_info=&#8221;{}&#8221; custom_padding__hover=&#8221;|||&#8221;][et_pb_blurb image_icon_width=&#8221;200px&#8221; _builder_version=&#8221;4.27.4&#8243; _module_preset=&#8221;default&#8221; header_level=&#8221;h2&#8243; header_font=&#8221;Merriweather|700|||||||&#8221; header_text_color=&#8221;#19535f&#8221; header_font_size=&#8221;20px&#8221; header_line_height=&#8221;2em&#8221; body_font=&#8221;Merriweather||||||||&#8221; body_font_size=&#8221;16px&#8221; body_line_height=&#8221;1.8em&#8221; body_link_font=&#8221;Merriweather||||||||&#8221; body_link_text_color=&#8221;#0b7a75&#8243; background_color=&#8221;#FFFFFF&#8221; image_icon_custom_padding=&#8221;25px|25px|25px|25px|false|false&#8221; text_orientation=&#8221;center&#8221; min_height=&#8221;712.8px&#8221; custom_margin=&#8221;-100px||1px||false|false&#8221; custom_margin_tablet=&#8221;0px||||false|false&#8221; custom_margin_phone=&#8221;0px||||false|false&#8221; custom_margin_last_edited=&#8221;on|desktop&#8221; custom_padding=&#8221;40px|30px|66px|30px|false|false&#8221; border_radii=&#8221;on|3px|3px|3px|3px&#8221; border_color_all=&#8221;#0b7a75&#8243; box_shadow_style=&#8221;preset2&#8243; box_shadow_horizontal=&#8221;6px&#8221; box_shadow_vertical=&#8221;6px&#8221; locked=&#8221;off&#8221; global_colors_info=&#8221;{}&#8221;]<\/p>\n<h2 style=\"text-align: center;\"><strong><a href=\"http:\/\/www.hbod.hr\/\" target=\"_blank\" rel=\"noopener\">Organizing Committee<\/a><\/strong><\/h2>\n<p style=\"text-align: center;\"><strong><\/strong><\/p>\n<p style=\"text-align: center;\"><strong>Dubravka Sandev<\/strong><br \/>co-chair (HBoD)<\/p>\n<p style=\"text-align: center;\"><strong>Sini\u0161a Ozimec<\/strong><br \/>co-chair (FAZOS)<\/p>\n<p style=\"text-align: center;\"><strong>Nikola Koleti\u0107<\/strong><\/p>\n<p style=\"text-align: center;\"><strong>Nina Vukovi\u0107<\/strong><\/p>\n<p style=\"text-align: center;\"><strong>Vedran \u0160egota<\/strong><\/p>\n<p style=\"text-align: center;\"><strong>Filip Stevi\u0107<\/strong><\/p>\n<p style=\"text-align: center;\"><strong>Krunoslav Zmai\u0107<\/strong><\/p>\n<p>[\/et_pb_blurb][\/et_pb_column][et_pb_column type=&#8221;1_3&#8243; _builder_version=&#8221;4.16&#8243; custom_padding=&#8221;|||&#8221; global_colors_info=&#8221;{}&#8221; custom_padding__hover=&#8221;|||&#8221;][et_pb_blurb image_icon_width=&#8221;200px&#8221; _builder_version=&#8221;4.27.4&#8243; _module_preset=&#8221;default&#8221; header_level=&#8221;h2&#8243; header_font=&#8221;Merriweather|700|||||||&#8221; header_text_color=&#8221;#19535f&#8221; header_font_size=&#8221;20px&#8221; header_line_height=&#8221;2em&#8221; body_font=&#8221;Merriweather||||||||&#8221; body_font_size=&#8221;16px&#8221; body_line_height=&#8221;1.8em&#8221; body_link_font=&#8221;Merriweather||||||||&#8221; body_link_text_color=&#8221;#0b7a75&#8243; background_color=&#8221;#FFFFFF&#8221; image_icon_custom_padding=&#8221;25px|25px|25px|25px|false|false&#8221; text_orientation=&#8221;center&#8221; min_height=&#8221;513.8px&#8221; custom_margin=&#8221;-100px||7px||false|false&#8221; custom_margin_tablet=&#8221;0px||||false|false&#8221; custom_margin_phone=&#8221;0px||||false|false&#8221; custom_margin_last_edited=&#8221;on|desktop&#8221; custom_padding=&#8221;40px|30px|30px|30px|false|false&#8221; hover_enabled=&#8221;0&#8243; border_radii=&#8221;on|3px|3px|3px|3px&#8221; border_color_all=&#8221;#0b7a75&#8243; box_shadow_style=&#8221;preset2&#8243; box_shadow_horizontal=&#8221;6px&#8221; box_shadow_vertical=&#8221;6px&#8221; locked=&#8221;off&#8221; global_colors_info=&#8221;{}&#8221; sticky_enabled=&#8221;0&#8243;]<\/p>\n<h2 style=\"text-align: center;\"><strong><a href=\"http:\/\/www.hbod.hr\/\" target=\"_blank\" rel=\"noopener\">Scientific Committee<\/a><\/strong><\/h2>\n<p style=\"text-align: center;\"><strong><\/strong><\/p>\n<p style=\"text-align: center;\"><strong>Zrinka Ljube\u0161i\u0107<\/strong><br \/>chair<\/p>\n<p style=\"text-align: center;\"><strong>Antun Alegro<\/strong><br \/><strong>Faruk Boguni\u0107<\/strong><br \/><strong>Igor Bor\u0161i\u0107<\/strong><br \/><strong>Sne\u017eana Dragi\u0107evi\u0107<\/strong><br \/><strong>Nenad Jasprica<\/strong><br \/><strong>Zlatko Levkov<\/strong><br \/><strong>Sanja Kova\u010di\u0107<\/strong><br \/><strong>Nevena Kuzmanovi\u0107<\/strong><br \/><strong>Bo\u017eena Miti\u0107<\/strong><br \/><strong>Toni Nikoli\u0107<\/strong><br \/><strong>Beata Papp<\/strong><br \/><strong>Lorenzo Peruzzi<\/strong><br \/><strong>Ivana Re\u0161etnik<\/strong><br \/><strong>Branka Salopek Sondi<\/strong><br \/><strong>Nina \u0160ajna<\/strong><br \/><strong>\u017deljko \u0160kvorc<\/strong><br \/><strong>Silvia Ulrich<\/strong><br \/><strong>Damir Vili\u010di\u0107<\/strong><\/p>\n<p>[\/et_pb_blurb][\/et_pb_column][et_pb_column type=&#8221;1_3&#8243; _builder_version=&#8221;4.27.4&#8243; _module_preset=&#8221;default&#8221; global_colors_info=&#8221;{}&#8221;][et_pb_blurb image_icon_width=&#8221;200px&#8221; _builder_version=&#8221;4.27.4&#8243; _module_preset=&#8221;default&#8221; header_level=&#8221;h2&#8243; header_font=&#8221;Merriweather|700|||||||&#8221; header_text_color=&#8221;#19535f&#8221; header_font_size=&#8221;20px&#8221; header_line_height=&#8221;2em&#8221; body_font=&#8221;Merriweather||||||||&#8221; body_font_size=&#8221;16px&#8221; body_line_height=&#8221;1.8em&#8221; body_link_font=&#8221;Merriweather||||||||&#8221; body_link_text_color=&#8221;#0b7a75&#8243; background_color=&#8221;#FFFFFF&#8221; image_icon_custom_padding=&#8221;25px|25px|25px|25px|false|false&#8221; text_orientation=&#8221;center&#8221; min_height=&#8221;704.8px&#8221; custom_margin=&#8221;-100px||7px||false|false&#8221; custom_margin_tablet=&#8221;0px||||false|false&#8221; custom_margin_phone=&#8221;0px||||false|false&#8221; custom_margin_last_edited=&#8221;on|desktop&#8221; custom_padding=&#8221;40px|30px|30px|30px|false|false&#8221; hover_enabled=&#8221;0&#8243; border_radii=&#8221;on|3px|3px|3px|3px&#8221; border_color_all=&#8221;#0b7a75&#8243; box_shadow_style=&#8221;preset2&#8243; box_shadow_horizontal=&#8221;6px&#8221; box_shadow_vertical=&#8221;6px&#8221; locked=&#8221;off&#8221; global_colors_info=&#8221;{}&#8221; sticky_enabled=&#8221;0&#8243;]<\/p>\n<h2 style=\"text-align: center;\"><strong><a href=\"http:\/\/www.hbod.hr\/\" target=\"_blank\" rel=\"noopener\">Technical staff<\/a><\/strong><\/h2>\n<p style=\"text-align: center;\"><strong><\/strong><\/p>\n<p style=\"text-align: center;\"><b>Nikolina Bek<\/b><\/p>\n<p style=\"text-align: center;\"><b>Marina Bo\u010dek<\/b><\/p>\n<p style=\"text-align: center;\"><b>Matija Karapetri\u0107<\/b><\/p>\n<p style=\"text-align: center;\"><b>Ivana Luka\u010d<\/b><\/p>\n<p style=\"text-align: center;\"><b>Barbara Tunji\u0107<\/b><\/p>\n<p>[\/et_pb_blurb][\/et_pb_column][\/et_pb_row][\/et_pb_section][et_pb_section fb_built=&#8221;1&#8243; admin_label=&#8221;Contact&#8221; _builder_version=&#8221;4.16&#8243; background_color=&#8221;#08211d&#8221; custom_padding=&#8221;0px|0px|0px|0px&#8221; animation_style=&#8221;slide&#8221; animation_direction=&#8221;bottom&#8221; animation_intensity_slide=&#8221;20%&#8221; animation_starting_opacity=&#8221;100%&#8221; box_shadow_style=&#8221;preset7&#8243; box_shadow_horizontal=&#8221;0px&#8221; box_shadow_vertical=&#8221;80px&#8221; box_shadow_spread=&#8221;-14px&#8221; box_shadow_color=&#8221;#ffffff&#8221; locked=&#8221;off&#8221; global_colors_info=&#8221;{}&#8221;][\/et_pb_section]<\/p>\n","protected":false},"excerpt":{"rendered":"<p>8th Croatian Botanical Symposiumwith international participation3rd &#8211; 6th September 2025Faculty of Agrobiotechnical Sciences, OsijekCommitteesOrganizing Committee Dubravka Sandevco-chair (HBoD) Sini\u0161a Ozimecco-chair (FAZOS) Nikola Koleti\u0107 Nina Vukovi\u0107 Vedran \u0160egota Filip Stevi\u0107 Krunoslav Zmai\u0107Scientific Committee Zrinka Ljube\u0161i\u0107chair Antun AlegroFaruk Boguni\u0107Igor Bor\u0161i\u0107Sne\u017eana Dragi\u0107evi\u0107Nenad JaspricaZlatko LevkovSanja Kova\u010di\u0107Nevena Kuzmanovi\u0107Bo\u017eena Miti\u0107Toni Nikoli\u0107Beata PappLorenzo PeruzziIvana Re\u0161etnikBranka Salopek SondiNina \u0160ajna\u017deljko \u0160kvorcSilvia UlrichDamir Vili\u010di\u0107Technical staff [&hellip;]<\/p>\n","protected":false},"author":1,"featured_media":0,"parent":16929,"menu_order":5,"comment_status":"closed","ping_status":"closed","template":"","meta":{"_et_pb_use_builder":"on","_et_pb_old_content":"","_et_gb_content_width":"","footnotes":""},"class_list":["post-16875","page","type-page","status-publish","hentry"],"_links":{"self":[{"href":"https:\/\/www.hbod.hr\/en\/wp-json\/wp\/v2\/pages\/16875","targetHints":{"allow":["GET"]}}],"collection":[{"href":"https:\/\/www.hbod.hr\/en\/wp-json\/wp\/v2\/pages"}],"about":[{"href":"https:\/\/www.hbod.hr\/en\/wp-json\/wp\/v2\/types\/page"}],"author":[{"embeddable":true,"href":"https:\/\/www.hbod.hr\/en\/wp-json\/wp\/v2\/users\/1"}],"replies":[{"embeddable":true,"href":"https:\/\/www.hbod.hr\/en\/wp-json\/wp\/v2\/comments?post=16875"}],"version-history":[{"count":12,"href":"https:\/\/www.hbod.hr\/en\/wp-json\/wp\/v2\/pages\/16875\/revisions"}],"predecessor-version":[{"id":17230,"href":"https:\/\/www.hbod.hr\/en\/wp-json\/wp\/v2\/pages\/16875\/revisions\/17230"}],"up":[{"embeddable":true,"href":"https:\/\/www.hbod.hr\/en\/wp-json\/wp\/v2\/pages\/16929"}],"wp:attachment":[{"href":"https:\/\/www.hbod.hr\/en\/wp-json\/wp\/v2\/media?parent=16875"}],"curies":[{"name":"wp","href":"https:\/\/api.w.org\/{rel}","templated":true}]}}