{"id":17965,"date":"2020-02-19T09:34:47","date_gmt":"2020-02-19T08:34:47","guid":{"rendered":"https:\/\/www.hbod.hr\/najava-1\/"},"modified":"2025-02-05T17:53:06","modified_gmt":"2025-02-05T16:53:06","slug":"excursions","status":"publish","type":"page","link":"https:\/\/www.hbod.hr\/en\/excursions\/","title":{"rendered":"Excursions"},"content":{"rendered":"<p>[et_pb_section fb_built=&#8221;1&#8243; fullwidth=&#8221;on&#8221; _builder_version=&#8221;4.16&#8243; _module_preset=&#8221;default&#8221; background_enable_color=&#8221;off&#8221; background_enable_image=&#8221;off&#8221; parallax=&#8221;on&#8221; locked=&#8221;off&#8221; global_colors_info=&#8221;{}&#8221;][et_pb_fullwidth_slider use_bg_overlay=&#8221;off&#8221; _builder_version=&#8221;4.19.4&#8243; _module_preset=&#8221;default&#8221; header_font=&#8221;Poppins||||||||&#8221; parallax=&#8221;on&#8221; content_width=&#8221;100%&#8221; custom_padding=&#8221;280px|||||&#8221; global_colors_info=&#8221;{}&#8221;][et_pb_slide heading=&#8221;CROATIAN BOTANICAL SOCIETY&#8221; use_bg_overlay=&#8221;off&#8221; use_text_overlay=&#8221;on&#8221; text_border_radius=&#8221;20px&#8221; _builder_version=&#8221;4.19.4&#8243; _module_preset=&#8221;default&#8221; header_font=&#8221;Poppins|800||on|||||&#8221; header_font_size=&#8221;50px&#8221; header_letter_spacing=&#8221;1px&#8221; background_enable_color=&#8221;off&#8221; background_image=&#8221;http:\/\/www.hbod.hr\/wp-content\/uploads\/2021\/04\/viter-oskorus\u030cno-6-scaled.jpg&#8221; background_enable_image=&#8221;on&#8221; width=&#8221;65%&#8221; width_tablet=&#8221;65%&#8221; width_phone=&#8221;75%&#8221; width_last_edited=&#8221;on|phone&#8221; max_width_tablet=&#8221;&#8221; max_width_phone=&#8221;&#8221; max_width_last_edited=&#8221;on|phone&#8221; custom_padding=&#8221;5px||||false|false&#8221; header_font_size_tablet=&#8221;48px&#8221; header_font_size_phone=&#8221;13px&#8221; header_font_size_last_edited=&#8221;on|phone&#8221; global_colors_info=&#8221;{}&#8221; sticky_transition=&#8221;on&#8221;][\/et_pb_slide][et_pb_slide _builder_version=&#8221;4.16&#8243; _module_preset=&#8221;default&#8221; background_enable_color=&#8221;off&#8221; background_image=&#8221;http:\/\/www.hbod.hr\/wp-content\/uploads\/2021\/04\/kriva-dolina-4-scaled.jpg&#8221; background_enable_image=&#8221;on&#8221; global_colors_info=&#8221;{}&#8221; sticky_transition=&#8221;on&#8221;][\/et_pb_slide][\/et_pb_fullwidth_slider][\/et_pb_section][et_pb_section fb_built=&#8221;1&#8243; _builder_version=&#8221;4.16&#8243; _module_preset=&#8221;default&#8221; custom_padding=&#8221;||95px|||&#8221; global_colors_info=&#8221;{}&#8221;][et_pb_row _builder_version=&#8221;4.16&#8243; _module_preset=&#8221;default&#8221; custom_padding=&#8221;40px|||||&#8221; global_colors_info=&#8221;{}&#8221;][et_pb_column type=&#8221;4_4&#8243; _builder_version=&#8221;4.16&#8243; _module_preset=&#8221;default&#8221; global_colors_info=&#8221;{}&#8221;][et_pb_text _builder_version=&#8221;4.19.4&#8243; _module_preset=&#8221;default&#8221; text_font=&#8221;Poppins|300|||||||&#8221; text_font_size=&#8221;15px&#8221; header_font=&#8221;Poppins|600|||||||&#8221; header_text_color=&#8221;#0f5b31&#8243; global_colors_info=&#8221;{}&#8221;]<\/p>\n<h2>Excursions<\/h2>\n<p>[\/et_pb_text][et_pb_text _builder_version=&#8221;4.19.4&#8243; _module_preset=&#8221;default&#8221; text_font=&#8221;Poppins|300|||||||&#8221; text_font_size=&#8221;15px&#8221; header_font=&#8221;Poppins|600|||||||&#8221; header_text_color=&#8221;#0f5b31&#8243; global_colors_info=&#8221;{}&#8221;]<\/p>\n<p><span>Periodically, maximum once per year Croatian Botanical Society organizes expert excursions for its members, travelling to botanically interesting or poorly studied areas of Croatia. Three such excursions were organized so far, two into mountain areas (Mt. Svilaja and Mt. Strahinj\u0161\u010dica) and one coastal excursion (Gulf of Nin). Only members can participate in the excursions, which are designed in a way to have at least one expert guide. The guides are usually local botanists or other researchers who are familiar with the natural characteristics of the area. The excursions are occasionally organized in the cooperation with other societies. <\/span><\/p>\n<p>[\/et_pb_text][et_pb_text _builder_version=&#8221;4.23.1&#8243; _module_preset=&#8221;default&#8221; text_font=&#8221;Poppins|300|||||||&#8221; text_font_size=&#8221;15px&#8221; header_font=&#8221;Poppins|600|||||||&#8221; header_font_size=&#8221;25px&#8221; global_colors_info=&#8221;{}&#8221;]<\/p>\n<p><strong>Mt. Papuk (2023.)<\/strong><\/p>\n<p>In May 2023 a two-day excursion to Nature Park Papuk was organized for the members, with fieldtrips to forest Jankovac, hill Lapjak and dry grasslands near the village Gornji Vrhovci. The members also visited House of the Pannonian Sea, Geo Info Centre and Krauthaker winery. Expert guidance was mostly provided by Marko Dobo\u0161 from the Public Institution Nature Park Papuk, with participation and help from Ivica Samard\u017ei\u0107 and Marija Kova\u010devi\u0107 from the Public Institution for Managing Protected Areas of Po\u017ee\u0161ko-slavonska County.<\/p>\n<p>[\/et_pb_text][et_pb_gallery gallery_ids=&#8221;18833,18835,18837,18839&#8243; orientation=&#8221;portrait&#8221; show_title_and_caption=&#8221;off&#8221; show_pagination=&#8221;off&#8221; zoom_icon_color=&#8221;#0d4f2f&#8221; hover_overlay_color=&#8221;rgba(255,255,255,0.87)&#8221; hover_icon=&#8221;&#xf030;||fa||900&#8243; _builder_version=&#8221;4.23.1&#8243; _module_preset=&#8221;default&#8221; border_radii_image=&#8221;on|2px|2px|2px|2px&#8221; border_color_all_image=&#8221;#084144&#8243; box_shadow_style_image=&#8221;preset1&#8243; global_colors_info=&#8221;{}&#8221;][\/et_pb_gallery][et_pb_text _builder_version=&#8221;4.19.4&#8243; _module_preset=&#8221;default&#8221; text_font=&#8221;Poppins|300|||||||&#8221; text_font_size=&#8221;15px&#8221; header_font=&#8221;Poppins|600|||||||&#8221; header_font_size=&#8221;25px&#8221; locked=&#8221;off&#8221; global_colors_info=&#8221;{}&#8221;]<\/p>\n<p><strong>Mt. Svilaja (2018.)<\/strong><\/p>\n<p><span>Two-day educational expert botanical-ornithological excursionto Mt. Svilaja was organized at the end of June 2018, together with societies BIOM, Croatian Ecological Society and HUSEK. The excursion was guided by Dr Nenad Jasprica Dr Marija Pand\u017ea, Dr Milenko Milovi\u0107 and Ivan Budinski and extremely well visited.<\/span><\/p>\n<p>[\/et_pb_text][et_pb_gallery gallery_ids=&#8221;3578,3579,3581,3580&#8243; orientation=&#8221;portrait&#8221; show_title_and_caption=&#8221;off&#8221; show_pagination=&#8221;off&#8221; zoom_icon_color=&#8221;#0d4f2f&#8221; hover_overlay_color=&#8221;rgba(255,255,255,0.87)&#8221; hover_icon=&#8221;&#xf030;||fa||900&#8243; _builder_version=&#8221;4.16&#8243; _module_preset=&#8221;default&#8221; border_radii_image=&#8221;on|2px|2px|2px|2px&#8221; border_color_all_image=&#8221;#084144&#8243; box_shadow_style_image=&#8221;preset1&#8243; locked=&#8221;off&#8221; global_colors_info=&#8221;{}&#8221;][\/et_pb_gallery][et_pb_text _builder_version=&#8221;4.19.4&#8243; _module_preset=&#8221;default&#8221; text_font=&#8221;Poppins|300|||||||&#8221; text_font_size=&#8221;15px&#8221; header_font=&#8221;Poppins|600|||||||&#8221; header_font_size=&#8221;25px&#8221; global_colors_info=&#8221;{}&#8221;]<\/p>\n<p><strong>On the road of orchids (2017.)<\/strong><\/p>\n<p><span>An expert fieldtrip to mountain-educational trail \u201cRoads of orchids\u201d on Mt. Strahinj\u0161\u010dica was organized on the end of May 2017, guided by Ljiljana Borove\u010dki-Voska. The route, interestingly designed to show the richness of orchids and other plants, evoked large interest among members.<\/span><\/p>\n<p>[\/et_pb_text][et_pb_gallery gallery_ids=&#8221;3573,3574,3575,3576&#8243; orientation=&#8221;portrait&#8221; show_title_and_caption=&#8221;off&#8221; show_pagination=&#8221;off&#8221; zoom_icon_color=&#8221;#0d4f2f&#8221; hover_overlay_color=&#8221;rgba(255,255,255,0.87)&#8221; hover_icon=&#8221;&#xf030;||fa||900&#8243; _builder_version=&#8221;4.16&#8243; _module_preset=&#8221;default&#8221; border_radii_image=&#8221;on|2px|2px|2px|2px&#8221; border_color_all_image=&#8221;#084144&#8243; box_shadow_style_image=&#8221;preset1&#8243; global_colors_info=&#8221;{}&#8221;][\/et_pb_gallery][et_pb_text _builder_version=&#8221;4.19.4&#8243; _module_preset=&#8221;default&#8221; text_font=&#8221;Poppins|300|||||||&#8221; text_font_size=&#8221;15px&#8221; header_font=&#8221;Poppins|600|||||||&#8221; header_font_size=&#8221;25px&#8221; global_colors_info=&#8221;{}&#8221;]<\/p>\n<p><strong>Gulf of Nin (2016.)<\/strong><\/p>\n<p><span>Expert botanical-ornithological fieldtrip into the Gulf of Nin was organized at the beginning of May 2016 together with BIOM association. The participants had the chance to learn about interesting and rare flora of sandy beaches, cliffs, moist meadows and salt panes, as well as fauna of nesting and habituating birds. Expert guides were Dr Sandro Bogdanovi\u0107, Vedran \u0160egota, Sven Kapelj and Ivan Budinski.<\/span><\/p>\n<p>[\/et_pb_text][et_pb_gallery gallery_ids=&#8221;3372,3370,3371,3373&#8243; orientation=&#8221;portrait&#8221; show_title_and_caption=&#8221;off&#8221; show_pagination=&#8221;off&#8221; zoom_icon_color=&#8221;#0d4f2f&#8221; hover_overlay_color=&#8221;rgba(255,255,255,0.87)&#8221; hover_icon=&#8221;&#xf030;||fa||900&#8243; _builder_version=&#8221;4.16&#8243; _module_preset=&#8221;default&#8221; border_radii_image=&#8221;on|2px|2px|2px|2px&#8221; border_color_all_image=&#8221;#084144&#8243; box_shadow_style_image=&#8221;preset1&#8243; global_colors_info=&#8221;{}&#8221;][\/et_pb_gallery][\/et_pb_column][\/et_pb_row][\/et_pb_section][et_pb_section fb_built=&#8221;1&#8243; _builder_version=&#8221;4.16&#8243; _module_preset=&#8221;default&#8221; global_colors_info=&#8221;{}&#8221;][\/et_pb_section]<\/p>\n","protected":false},"excerpt":{"rendered":"<p>ExcursionsPeriodically, maximum once per year Croatian Botanical Society organizes expert excursions for its members, travelling to botanically interesting or poorly studied areas of Croatia. Three such excursions were organized so far, two into mountain areas (Mt. Svilaja and Mt. Strahinj\u0161\u010dica) and one coastal excursion (Gulf of Nin). Only members can participate in the excursions, which [&hellip;]<\/p>\n","protected":false},"author":1,"featured_media":0,"parent":0,"menu_order":0,"comment_status":"closed","ping_status":"closed","template":"","meta":{"_et_pb_use_builder":"on","_et_pb_old_content":"","_et_gb_content_width":"","footnotes":""},"class_list":["post-17965","page","type-page","status-publish","hentry"],"_links":{"self":[{"href":"https:\/\/www.hbod.hr\/en\/wp-json\/wp\/v2\/pages\/17965","targetHints":{"allow":["GET"]}}],"collection":[{"href":"https:\/\/www.hbod.hr\/en\/wp-json\/wp\/v2\/pages"}],"about":[{"href":"https:\/\/www.hbod.hr\/en\/wp-json\/wp\/v2\/types\/page"}],"author":[{"embeddable":true,"href":"https:\/\/www.hbod.hr\/en\/wp-json\/wp\/v2\/users\/1"}],"replies":[{"embeddable":true,"href":"https:\/\/www.hbod.hr\/en\/wp-json\/wp\/v2\/comments?post=17965"}],"version-history":[{"count":11,"href":"https:\/\/www.hbod.hr\/en\/wp-json\/wp\/v2\/pages\/17965\/revisions"}],"predecessor-version":[{"id":21188,"href":"https:\/\/www.hbod.hr\/en\/wp-json\/wp\/v2\/pages\/17965\/revisions\/21188"}],"wp:attachment":[{"href":"https:\/\/www.hbod.hr\/en\/wp-json\/wp\/v2\/media?parent=17965"}],"curies":[{"name":"wp","href":"https:\/\/api.w.org\/{rel}","templated":true}]}}