{"id":18067,"date":"2021-07-07T22:00:42","date_gmt":"2021-07-07T20:00:42","guid":{"rendered":"https:\/\/www.hbod.hr\/algoloska_sekcija\/"},"modified":"2024-02-01T21:41:43","modified_gmt":"2024-02-01T20:41:43","slug":"algological_section","status":"publish","type":"page","link":"https:\/\/www.hbod.hr\/en\/algological_section\/","title":{"rendered":"Algological section"},"content":{"rendered":"<p>[et_pb_section fb_built=&#8221;1&#8243; fullwidth=&#8221;on&#8221; _builder_version=&#8221;4.16&#8243; _module_preset=&#8221;default&#8221; background_enable_color=&#8221;off&#8221; background_enable_image=&#8221;off&#8221; parallax=&#8221;on&#8221; locked=&#8221;off&#8221; global_colors_info=&#8221;{}&#8221;][et_pb_fullwidth_slider use_bg_overlay=&#8221;off&#8221; _builder_version=&#8221;4.23.1&#8243; _module_preset=&#8221;default&#8221; header_font=&#8221;Poppins||||||||&#8221; parallax=&#8221;on&#8221; content_width=&#8221;100%&#8221; custom_padding=&#8221;280px|||||&#8221; global_colors_info=&#8221;{}&#8221;][et_pb_slide heading=&#8221;CROATIAN BOTANICAL SOCIETY&#8221; use_bg_overlay=&#8221;off&#8221; use_text_overlay=&#8221;on&#8221; text_border_radius=&#8221;20px&#8221; _builder_version=&#8221;4.23.1&#8243; _module_preset=&#8221;default&#8221; header_font=&#8221;Poppins|800||on|||||&#8221; header_font_size=&#8221;50px&#8221; header_letter_spacing=&#8221;1px&#8221; background_enable_color=&#8221;off&#8221; background_image=&#8221;http:\/\/www.hbod.hr\/wp-content\/uploads\/2021\/04\/viter-oskorus\u030cno-6-scaled.jpg&#8221; background_enable_image=&#8221;on&#8221; width=&#8221;65%&#8221; width_tablet=&#8221;65%&#8221; width_phone=&#8221;75%&#8221; width_last_edited=&#8221;on|phone&#8221; max_width_tablet=&#8221;&#8221; max_width_phone=&#8221;&#8221; max_width_last_edited=&#8221;on|phone&#8221; custom_padding=&#8221;5px||||false|false&#8221; header_font_size_tablet=&#8221;48px&#8221; header_font_size_phone=&#8221;13px&#8221; header_font_size_last_edited=&#8221;on|phone&#8221; global_colors_info=&#8221;{}&#8221; sticky_transition=&#8221;on&#8221;][\/et_pb_slide][et_pb_slide _builder_version=&#8221;4.16&#8243; _module_preset=&#8221;default&#8221; background_enable_color=&#8221;off&#8221; background_image=&#8221;http:\/\/www.hbod.hr\/wp-content\/uploads\/2021\/04\/kriva-dolina-4-scaled.jpg&#8221; background_enable_image=&#8221;on&#8221; global_colors_info=&#8221;{}&#8221; sticky_transition=&#8221;on&#8221;][\/et_pb_slide][\/et_pb_fullwidth_slider][\/et_pb_section][et_pb_section fb_built=&#8221;1&#8243; _builder_version=&#8221;4.16&#8243; _module_preset=&#8221;default&#8221; custom_padding=&#8221;||95px|||&#8221; global_colors_info=&#8221;{}&#8221;][et_pb_row column_structure=&#8221;1_2,1_2&#8243; _builder_version=&#8221;4.16&#8243; _module_preset=&#8221;default&#8221; global_colors_info=&#8221;{}&#8221;][et_pb_column type=&#8221;1_2&#8243; _builder_version=&#8221;4.16&#8243; _module_preset=&#8221;default&#8221; global_colors_info=&#8221;{}&#8221;][et_pb_text _builder_version=&#8221;4.23.1&#8243; _module_preset=&#8221;default&#8221; text_font=&#8221;Poppins||||||||&#8221; text_font_size=&#8221;30px&#8221; header_font=&#8221;Poppins||||||||&#8221; header_text_color=&#8221;#474747&#8243; global_colors_info=&#8221;{}&#8221;]<\/p>\n<h2>ALGOLOGICAL SECTION<\/h2>\n<p>[\/et_pb_text][et_pb_image src=&#8221;http:\/\/www.hbod.hr\/wp-content\/uploads\/2021\/07\/algolosko_drustvo_grb.png&#8221; title_text=&#8221;algolosko_drustvo_grb&#8221; _builder_version=&#8221;4.16&#8243; _module_preset=&#8221;default&#8221; width=&#8221;50%&#8221; global_colors_info=&#8221;{}&#8221;][\/et_pb_image][et_pb_text quote_border_color=&#8221;#12876f&#8221; _builder_version=&#8221;4.23.1&#8243; _module_preset=&#8221;default&#8221; text_font=&#8221;Poppins|300|||||||&#8221; text_font_size=&#8221;15px&#8221; link_font=&#8221;Poppins|600|||||||&#8221; link_text_color=&#8221;#12876f&#8221; quote_font=&#8221;Poppins||||||||&#8221; header_font=&#8221;Poppins||||||||&#8221; header_text_color=&#8221;#474747&#8243; custom_margin=&#8221;||13px|||&#8221; custom_padding=&#8221;16px||2px|||&#8221; global_colors_info=&#8221;{}&#8221;]<\/p>\n<p><span>Section is founded in 2009 and gathers botanists from scientific institutes and high education institutions in Dubrovnik, Split, Rovinj, Zagreb and Osijek, who are involved in flora and vegetation of benthos macroalgae and marine flowering plants in the Adriatic, taxonomy and ecology of marine and freshwater phytoplankton, ecology of waters, morphological and molecular aspect of marine and freshwater benthos diatoms, periphyton, ecophysiology and ecotoxicology of algae, eutrophyfication, toxic species of marine phytoplankton and the toxicity of shells, as well as conservation of biological diversity. Since 2010 the Section is an active member of Federation of European Phycological Societies (<a href=\"http:\/\/www.feps-algae.org\" target=\"_blank\" rel=\"noopener\">FEPS<\/a><\/span><span>).<\/span><\/p>\n<p>[\/et_pb_text][et_pb_text quote_border_color=&#8221;#12876f&#8221; _builder_version=&#8221;4.23.1&#8243; _module_preset=&#8221;default&#8221; text_font=&#8221;Poppins|300|||||||&#8221; text_font_size=&#8221;15px&#8221; link_font=&#8221;Poppins|600|||||||&#8221; link_text_color=&#8221;#12876f&#8221; quote_font=&#8221;Poppins||||||||&#8221; header_font=&#8221;Poppins||||||||&#8221; header_text_color=&#8221;#474747&#8243; custom_margin=&#8221;||13px|||&#8221; custom_padding=&#8221;16px||2px|||&#8221; global_colors_info=&#8221;{}&#8221;]<\/p>\n<p><span>Members of the Section have organized the following international events: \u2013\u00a0 8<\/span><sup>th<\/sup><span>\u00a0Central European Diatom Meeting (<\/span><span><a href=\"http:\/\/diatoma.biol.pmf.hr\/\" target=\"_blank\" rel=\"noopener\">http:\/\/diatoma.biol.pmf.hr\/<\/a><\/span><span>) in 2014, <\/span>and 7<sup>th<\/sup> European Phycological Congress in Zagreb in 2019. The Section hosted the annual meeting of FEPS twice, in 2013 and 2019.<\/p>\n<p>[\/et_pb_text][et_pb_text quote_border_color=&#8221;#12876f&#8221; _builder_version=&#8221;4.23.1&#8243; _module_preset=&#8221;default&#8221; text_font=&#8221;Poppins|300|||||||&#8221; text_font_size=&#8221;15px&#8221; link_font=&#8221;Poppins|600|||||||&#8221; link_text_color=&#8221;#12876f&#8221; quote_font=&#8221;Poppins||||||||&#8221; header_font=&#8221;Poppins||||||||&#8221; header_text_color=&#8221;#474747&#8243; custom_margin=&#8221;||13px|||&#8221; custom_padding=&#8221;16px||2px|||&#8221; global_colors_info=&#8221;{}&#8221;]<\/p>\n<p>Members have also organized numerous events, workshops and programs of popularization of science:<\/p>\n<p>\u201cBioindicators of State and Changes in the Adriatic\u201d (round table, 2015)<\/p>\n<p>\u201cMolecular Methods in Algology\u201d (workshop, 2018)<\/p>\n<p>\u201cThe Beauty of Details, Structures and Transformations: Coccolithophores of the Adriatic\u201d (exhibition, 2018)<\/p>\n<p>\u201c<a href=\"http:\/\/efk.alu.hr\/gallery\/epc7-zagreb\/\"><u>Science in the Service of Art<\/u><\/a>\u201d (scientific-popular program, 2019)<\/p>\n<p>\u201c<a href=\"https:\/\/www.pmf.unizg.hr\/biol\/izdvajamo?@=1ljdd#news_33549%20\"><u>National Collection of Diatoms<\/u><\/a>\u201d (presentation of the collection, 2019)<\/p>\n<p>[\/et_pb_text][\/et_pb_column][et_pb_column type=&#8221;1_2&#8243; _builder_version=&#8221;4.16&#8243; _module_preset=&#8221;default&#8221; global_colors_info=&#8221;{}&#8221;][et_pb_image src=&#8221;https:\/\/www.hbod.hr\/wp-content\/uploads\/2024\/02\/Ceratium-hirundinella-O.F.Muller-Dujardin-Visovacko-jezero.jpg&#8221; _builder_version=&#8221;4.23.1&#8243; _module_preset=&#8221;default&#8221; hover_enabled=&#8221;0&#8243; sticky_enabled=&#8221;0&#8243; title_text=&#8221;Ceratium hirundinella (O.F.M\u00fcller) Dujardin, Visova\u010dko jezero&#8221;][\/et_pb_image][et_pb_image src=&#8221;https:\/\/www.hbod.hr\/wp-content\/uploads\/2024\/02\/Lindavia-radiosa-Grunow-De-Toni-Forti-Vransko-jezero-Cres.jpg&#8221; _builder_version=&#8221;4.23.1&#8243; _module_preset=&#8221;default&#8221; hover_enabled=&#8221;0&#8243; sticky_enabled=&#8221;0&#8243; title_text=&#8221;Lindavia radiosa (Grunow) De Toni &#038; Forti, Vransko jezero Cres&#8221;][\/et_pb_image][et_pb_team_member name=&#8221;prof. dr. sc. Zrinka Ljube\u0161i\u0107 &#8221; position=&#8221;Section Leader&#8221; image_url=&#8221;http:\/\/www.hbod.hr\/wp-content\/uploads\/2021\/07\/Zrinka_Ljubesic.png&#8221; icon_color=&#8221;#12876f&#8221; use_icon_font_size=&#8221;on&#8221; icon_font_size=&#8221;20px&#8221; _builder_version=&#8221;4.23.1&#8243; _module_preset=&#8221;default&#8221; header_font=&#8221;Poppins|700||on|||||&#8221; header_text_color=&#8221;#12876f&#8221; header_font_size=&#8221;15px&#8221; body_font=&#8221;Poppins||||||||&#8221; body_font_size=&#8221;15px&#8221; position_font=&#8221;Poppins|500|||||||&#8221; position_text_color=&#8221;#12876f&#8221; position_font_size=&#8221;15px&#8221; body_link_font=&#8221;Poppins||||||||&#8221; body_link_text_color=&#8221;#12876f&#8221; use_background_color_gradient=&#8221;on&#8221; background_color_gradient_stops=&#8221;#12876f 0%|rgba(0,121,135,0.25) 50%&#8221; background_color_gradient_start=&#8221;#12876f&#8221; background_color_gradient_end=&#8221;rgba(0,121,135,0.25)&#8221; background_color_gradient_end_position=&#8221;50%&#8221; text_orientation=&#8221;center&#8221; width=&#8221;70%&#8221; custom_padding=&#8221;25px|25px|25px|25px|true|true&#8221; link_option_url=&#8221;https:\/\/www.pmf.unizg.hr\/biol\/zrinka.ljubesic&#8221; link_option_url_new_window=&#8221;on&#8221; border_radii_image=&#8221;on|200px|200px|200px|200px&#8221; border_width_all_image=&#8221;4px&#8221; border_color_all_image=&#8221;#FFFFFF&#8221; box_shadow_style=&#8221;preset3&#8243; global_colors_info=&#8221;{}&#8221; child_filter_saturate__hover=&#8221;0%&#8221; child_filter_saturate__hover_enabled=&#8221;on|desktop&#8221;][\/et_pb_team_member][\/et_pb_column][\/et_pb_row][\/et_pb_section]<\/p>\n","protected":false},"excerpt":{"rendered":"<p>ALGOLOGICAL SECTIONSection is founded in 2009 and gathers botanists from scientific institutes and high education institutions in Dubrovnik, Split, Rovinj, Zagreb and Osijek, who are involved in flora and vegetation of benthos macroalgae and marine flowering plants in the Adriatic, taxonomy and ecology of marine and freshwater phytoplankton, ecology of waters, morphological and molecular aspect [&hellip;]<\/p>\n","protected":false},"author":1,"featured_media":0,"parent":0,"menu_order":0,"comment_status":"closed","ping_status":"closed","template":"","meta":{"_et_pb_use_builder":"on","_et_pb_old_content":"[et_pb_section fb_built=\"1\" fullwidth=\"on\" _builder_version=\"4.9.10\" _module_preset=\"default\" background_enable_color=\"off\" background_enable_image=\"off\" parallax=\"on\" locked=\"off\" global_colors_info=\"{}\"][et_pb_fullwidth_slider use_bg_overlay=\"off\" _builder_version=\"4.14.1\" _module_preset=\"default\" header_font=\"Poppins||||||||\" parallax=\"on\" content_width=\"100%\" custom_padding=\"280px|||||\" hover_enabled=\"0\" global_colors_info=\"{}\" sticky_enabled=\"0\"][et_pb_slide heading=\"Hrvatsko botani\u010dko dru\u0161tvo\" use_bg_overlay=\"off\" use_text_overlay=\"on\" text_border_radius=\"20px\" _builder_version=\"4.14.1\" _module_preset=\"default\" header_font=\"Poppins|800||on|||||\" header_font_size=\"50px\" header_letter_spacing=\"1px\" background_enable_color=\"off\" background_image=\"http:\/\/www.hbod.hr\/wp-content\/uploads\/2021\/04\/viter-oskorus\u030cno-6-scaled.jpg\" background_enable_image=\"on\" width=\"65%\" custom_padding=\"5px||||false|false\" hover_enabled=\"0\" header_font_size_tablet=\"48px\" header_font_size_phone=\"13px\" header_font_size_last_edited=\"on|phone\" global_colors_info=\"{}\" sticky_transition=\"on\" sticky_enabled=\"0\" width_last_edited=\"on|phone\" width_phone=\"75%\" max_width_last_edited=\"on|phone\" width_tablet=\"65%\"][\/et_pb_slide][et_pb_slide _builder_version=\"4.14.1\" _module_preset=\"default\" background_enable_color=\"off\" background_image=\"http:\/\/www.hbod.hr\/wp-content\/uploads\/2021\/04\/kriva-dolina-4-scaled.jpg\" background_enable_image=\"on\" global_colors_info=\"{}\" sticky_transition=\"on\"][\/et_pb_slide][\/et_pb_fullwidth_slider][\/et_pb_section][et_pb_section fb_built=\"1\" _builder_version=\"4.9.7\" _module_preset=\"default\" custom_padding=\"||95px|||\" global_colors_info=\"{}\"][et_pb_row column_structure=\"1_2,1_2\" _builder_version=\"4.9.7\" _module_preset=\"default\" global_colors_info=\"{}\"][et_pb_column type=\"1_2\" _builder_version=\"4.9.7\" _module_preset=\"default\" global_colors_info=\"{}\"][et_pb_divider show_divider=\"off\" _builder_version=\"4.9.10\" _module_preset=\"default\" global_colors_info=\"{}\"][\/et_pb_divider][et_pb_divider show_divider=\"off\" _builder_version=\"4.9.10\" _module_preset=\"default\" global_colors_info=\"{}\"][\/et_pb_divider][et_pb_text _builder_version=\"4.14.1\" _module_preset=\"default\" text_font=\"Poppins||||||||\" text_font_size=\"30px\" header_font=\"Poppins||||||||\" header_text_color=\"#474747\" global_colors_info=\"{}\"]\n<h2>Algolo\u0161ka sekcija<\/h2>\n[\/et_pb_text][et_pb_image src=\"http:\/\/www.hbod.hr\/wp-content\/uploads\/2021\/07\/algolosko_drustvo_grb.png\" title_text=\"algolosko_drustvo_grb\" _builder_version=\"4.9.10\" _module_preset=\"default\" width=\"50%\" global_colors_info=\"{}\"][\/et_pb_image][et_pb_text quote_border_color=\"#12876f\" _builder_version=\"4.14.1\" _module_preset=\"default\" text_font=\"Poppins|300|||||||\" text_font_size=\"15px\" link_font=\"Poppins|600|||||||\" link_text_color=\"#12876f\" quote_font=\"Poppins||||||||\" header_font=\"Poppins||||||||\" header_text_color=\"#474747\" custom_margin=\"||13px|||\" custom_padding=\"16px||2px|||\" global_colors_info=\"{}\"]\n\n<span>Sekcija je osnovana 2009. godine i okuplja botani\u010dare sa znanstvenih instituta i visokih u\u010dili\u0161ta u Dubrovniku, Splitu, Rovinju, Zagrebu i Osijeku koji se bave florom i vegetacijom bentoskih makroalgi i morskih cvjetnica u Jadranu, taksonomijom i ekologijom morskog i slatkovodnog fitoplanktona, ekologijom voda, morfolo\u0161kim i molekularnim aspektom morskih i slatkovodnih bentoskih dijatomeja, perifitonom, ekofiziologijom i ekotoksikologijom alga, eutrofikacijom, toksi\u010dnim vrstama morskog fitoplanktona i toksi\u010dnosti \u0161koljka\u0161a te za\u0161titom biolo\u0161ke raznolikosti. Sekcija je 2010. postala punopravnom \u010dlanicom me\u0111unarodne organizacije Federation of European Phycological Societies (<a href=\"http:\/\/www.feps-algae.org\" target=\"_blank\" rel=\"noopener\">FEPS<\/a><\/span><span>).<\/span>\n\n[\/et_pb_text][et_pb_text quote_border_color=\"#12876f\" _builder_version=\"4.14.1\" _module_preset=\"default\" text_font=\"Poppins|300|||||||\" text_font_size=\"15px\" link_font=\"Poppins|600|||||||\" link_text_color=\"#12876f\" quote_font=\"Poppins||||||||\" header_font=\"Poppins||||||||\" header_text_color=\"#474747\" custom_margin=\"||13px|||\" custom_padding=\"16px||2px|||\" global_colors_info=\"{}\"]\n\n<span>\u010clanovi sekcije organizirali su me\u0111unarodne znanstvene skupove&nbsp; \u2013 2014. godine 8<\/span><sup>th<\/sup><span>&nbsp;Central European Diatom Meeting (<\/span><span><a href=\"http:\/\/diatoma.biol.pmf.hr\/\" target=\"_blank\" rel=\"noopener\">http:\/\/diatoma.biol.pmf.hr\/<\/a><\/span><span>), a 2019. godine 7<\/span><sup>th<\/sup><span>&nbsp;European Phycological Congress u Zagrebu. Sekcija je dva puta bila doma\u0107in godi\u0161njeg sastanka FEPS-a \u2013 2013. godine za vrijeme odr\u017eavanja 4. Hrvatskog botani\u010dkog simpozija u Splitu i 2019. godine za vrijeme odr\u017eavanja 7<\/span><sup>th<\/sup><span>&nbsp;EPC u Zagrebu.<\/span>\n\n[\/et_pb_text][et_pb_text quote_border_color=\"#12876f\" _builder_version=\"4.14.1\" _module_preset=\"default\" text_font=\"Poppins|300|||||||\" text_font_size=\"15px\" link_font=\"Poppins|600|||||||\" link_text_color=\"#12876f\" quote_font=\"Poppins||||||||\" header_font=\"Poppins||||||||\" header_text_color=\"#474747\" custom_margin=\"||13px|||\" custom_padding=\"16px||2px|||\" global_colors_info=\"{}\"]\n\n<span> \u010clanovi sekcije organizirali su brojne doga\u0111aje, radionice i programe popularizacije znanosti: 2015. godine okrugli stol Bioindikatori stanja i promjena u Jadranskome moru (HAZU, Zagreb), 2018. godine radionicu Molekularne metode u algologiji te izlo\u017ebu Ljepota detalja, strukture i transformacije: Kokolitoforidi Jadrana na Likovnoj akademiji Sveu\u010dili\u0161ta u Zagrebu, u Prirodoslovnom muzeju Dubrovnik i u Akvariju Instituta za istra\u017eivanje mora i priobalja sveu\u010dili\u0161ta u Dubrovniku, 2019. godine znanstveno popularni program<a href=\"http:\/\/efk.alu.hr\/gallery\/epc7-zagreb\/\" target=\"_blank\" rel=\"noopener\"> Znanost u slu\u017ebi umjetnosti<\/a><\/span><span>&nbsp;te predstavljanje <a href=\"https:\/\/www.pmf.unizg.hr\/biol\/ustrojstvo\/obavijesti?@=1ljdd\" target=\"_blank\" rel=\"noopener\">Hrvatske nacionalne zbirke dijatomeja<\/a> (HAZU).<\/span>\n\n[\/et_pb_text][\/et_pb_column][et_pb_column type=\"1_2\" _builder_version=\"4.9.7\" _module_preset=\"default\" global_colors_info=\"{}\"][et_pb_slider disabled_on=\"on|off|off\" _builder_version=\"4.14.1\" _module_preset=\"default\" background_color=\"RGBA(0,0,0,0)\" module_alignment=\"center\" min_height=\"327px\" custom_padding=\"200px||171px|||\" link_option_url_new_window=\"on\" global_colors_info=\"{}\"][et_pb_slide heading=\"Predstavljena Hrvatska nacionalna zbirka dijatomeja\" button_text=\"Pogledajte\" button_link=\"http:\/\/www.diatoms.biol.pmf.hr\/\" url_new_window=\"on\" use_bg_overlay=\"on\" _builder_version=\"4.14.1\" _module_preset=\"default\" background_color=\"RGBA(0,0,0,0)\" background_enable_color=\"on\" background_image=\"http:\/\/www.hbod.hr\/wp-content\/uploads\/2021\/04\/Biddulphia-pulchella.jpg\" background_enable_image=\"on\" parallax=\"on\" global_colors_info=\"{}\" sticky_transition=\"on\"]\n\n<span>Dana 9. prosinca 2019. godine u Hrvatskoj akademiji znanosti i umjetnosti predstavljena je Hrvatska nacionalna zbirka dijatomeja pod vodstvom izv. prof. Marije Gligore Udovi\u010d u suradnji s Hrvatskim botani\u010dkim dru\u0161tvom i Nacionalnim parkom Krka.<\/span>\n<span>Hrvatska nacionalna zbirka dijatomeja je kolekcija trajnih mikroskopskih preparata uzoraka dijatomeja sakupljenih na podru\u010dju Hrvatske i prva je institucionalna zbirka algi kremenja\u0161ica u Hrvatskoj.<\/span>\n\n[\/et_pb_slide][\/et_pb_slider][et_pb_team_member name=\"prof. dr. sc. Zrinka Ljube\u0161i\u0107 \" position=\"Voditeljica sekcije\" image_url=\"http:\/\/www.hbod.hr\/wp-content\/uploads\/2021\/07\/Zrinka_Ljubesic.png\" icon_color=\"#12876f\" use_icon_font_size=\"on\" icon_font_size=\"20px\" _builder_version=\"4.14.1\" _module_preset=\"default\" header_font=\"Poppins|700||on|||||\" header_text_color=\"#12876f\" header_font_size=\"15px\" body_font=\"Poppins||||||||\" body_font_size=\"15px\" position_font=\"Poppins|500|||||||\" position_text_color=\"#12876f\" position_font_size=\"15px\" body_link_font=\"Poppins||||||||\" body_link_text_color=\"#12876f\" use_background_color_gradient=\"on\" background_color_gradient_start=\"#12876f\" background_color_gradient_end=\"rgba(0,121,135,0.25)\" background_color_gradient_end_position=\"50%\" text_orientation=\"center\" width=\"70%\" custom_padding=\"25px|25px|25px|25px|true|true\" link_option_url=\"https:\/\/www.pmf.unizg.hr\/biol\/zrinka.ljubesic\" link_option_url_new_window=\"on\" border_radii_image=\"on|200px|200px|200px|200px\" border_width_all_image=\"4px\" border_color_all_image=\"#FFFFFF\" box_shadow_style=\"preset3\" global_colors_info=\"{}\" child_filter_saturate__hover=\"0%\" child_filter_saturate__hover_enabled=\"on|desktop\"][\/et_pb_team_member][\/et_pb_column][\/et_pb_row][\/et_pb_section]","_et_gb_content_width":"","footnotes":""},"class_list":["post-18067","page","type-page","status-publish","hentry"],"_links":{"self":[{"href":"https:\/\/www.hbod.hr\/en\/wp-json\/wp\/v2\/pages\/18067","targetHints":{"allow":["GET"]}}],"collection":[{"href":"https:\/\/www.hbod.hr\/en\/wp-json\/wp\/v2\/pages"}],"about":[{"href":"https:\/\/www.hbod.hr\/en\/wp-json\/wp\/v2\/types\/page"}],"author":[{"embeddable":true,"href":"https:\/\/www.hbod.hr\/en\/wp-json\/wp\/v2\/users\/1"}],"replies":[{"embeddable":true,"href":"https:\/\/www.hbod.hr\/en\/wp-json\/wp\/v2\/comments?post=18067"}],"version-history":[{"count":6,"href":"https:\/\/www.hbod.hr\/en\/wp-json\/wp\/v2\/pages\/18067\/revisions"}],"predecessor-version":[{"id":19203,"href":"https:\/\/www.hbod.hr\/en\/wp-json\/wp\/v2\/pages\/18067\/revisions\/19203"}],"wp:attachment":[{"href":"https:\/\/www.hbod.hr\/en\/wp-json\/wp\/v2\/media?parent=18067"}],"curies":[{"name":"wp","href":"https:\/\/api.w.org\/{rel}","templated":true}]}}