{"id":19492,"date":"2024-02-07T15:08:47","date_gmt":"2024-02-07T14:08:47","guid":{"rendered":"https:\/\/www.hbod.hr\/?page_id=19492"},"modified":"2026-03-03T19:46:05","modified_gmt":"2026-03-03T18:46:05","slug":"about-journal","status":"publish","type":"page","link":"https:\/\/www.hbod.hr\/en\/journal\/about-journal\/","title":{"rendered":"About the journal"},"content":{"rendered":"<p>[et_pb_section fb_built=&#8221;1&#8243; fullwidth=&#8221;on&#8221; _builder_version=&#8221;4.16&#8243; _module_preset=&#8221;default&#8221; background_enable_color=&#8221;off&#8221; background_enable_image=&#8221;off&#8221; parallax=&#8221;on&#8221; locked=&#8221;off&#8221; global_colors_info=&#8221;{}&#8221;][et_pb_fullwidth_slider use_bg_overlay=&#8221;off&#8221; _builder_version=&#8221;4.24.0&#8243; _module_preset=&#8221;default&#8221; header_font=&#8221;Poppins||||||||&#8221; parallax=&#8221;on&#8221; content_width=&#8221;100%&#8221; custom_padding=&#8221;280px|||||&#8221; global_colors_info=&#8221;{}&#8221;][et_pb_slide heading=&#8221;Croatian Botanical Society&#8221; use_bg_overlay=&#8221;off&#8221; use_text_overlay=&#8221;on&#8221; text_border_radius=&#8221;20px&#8221; _builder_version=&#8221;4.24.0&#8243; _module_preset=&#8221;default&#8221; header_font=&#8221;Poppins|800||on|||||&#8221; header_font_size=&#8221;50px&#8221; header_letter_spacing=&#8221;1px&#8221; background_enable_color=&#8221;off&#8221; background_image=&#8221;http:\/\/www.hbod.hr\/wp-content\/uploads\/2021\/04\/viter-oskorus\u030cno-6-scaled.jpg&#8221; background_enable_image=&#8221;on&#8221; width=&#8221;65%&#8221; custom_padding=&#8221;5px||||false|false&#8221; header_font_size_tablet=&#8221;50px&#8221; header_font_size_phone=&#8221;25px&#8221; header_font_size_last_edited=&#8221;on|phone&#8221; global_colors_info=&#8221;{}&#8221; sticky_transition=&#8221;on&#8221;][\/et_pb_slide][et_pb_slide _builder_version=&#8221;4.16&#8243; _module_preset=&#8221;default&#8221; background_enable_color=&#8221;off&#8221; background_image=&#8221;http:\/\/www.hbod.hr\/wp-content\/uploads\/2021\/04\/kriva-dolina-4-scaled.jpg&#8221; background_enable_image=&#8221;on&#8221; global_colors_info=&#8221;{}&#8221; sticky_transition=&#8221;on&#8221;][\/et_pb_slide][\/et_pb_fullwidth_slider][\/et_pb_section][et_pb_section fb_built=&#8221;1&#8243; _builder_version=&#8221;4.16&#8243; _module_preset=&#8221;default&#8221; global_colors_info=&#8221;{}&#8221;][et_pb_row _builder_version=&#8221;4.16&#8243; _module_preset=&#8221;default&#8221; global_colors_info=&#8221;{}&#8221;][et_pb_column type=&#8221;4_4&#8243; _builder_version=&#8221;4.16&#8243; _module_preset=&#8221;default&#8221; global_colors_info=&#8221;{}&#8221;][et_pb_text quote_border_color=&#8221;#12876f&#8221; _builder_version=&#8221;4.24.0&#8243; _module_preset=&#8221;default&#8221; text_font=&#8221;Poppins|300|||||||&#8221; text_font_size=&#8221;15px&#8221; link_font=&#8221;Poppins|600|||||||&#8221; link_text_color=&#8221;#12876f&#8221; quote_font=&#8221;Poppins||||||||&#8221; header_font=&#8221;Poppins||||||||&#8221; header_text_color=&#8221;#474747&#8243; custom_padding=&#8221;16px||2px|||&#8221; global_colors_info=&#8221;{}&#8221;]<\/p>\n<h1>About the Journal<\/h1>\n<p>[\/et_pb_text][et_pb_text _builder_version=&#8221;4.27.6&#8243; _module_preset=&#8221;default&#8221; text_font=&#8221;Poppins|300|||||||&#8221; text_text_color=&#8221;#474747&#8243; text_font_size=&#8221;15px&#8221; custom_margin=&#8221;-22px|||||&#8221; link_option_url_new_window=&#8221;on&#8221; hover_enabled=&#8221;0&#8243; global_colors_info=&#8221;{}&#8221; sticky_enabled=&#8221;0&#8243;]<\/p>\n<p><strong>Publisher:\u00a0<\/strong>Croatian Botanical Society (<span style=\"color: #008080;\"><strong><a href=\"http:\/\/www.hbod.hr\/\" style=\"color: #008080;\">www.hbod.hr<\/a><\/strong><\/span>)<\/p>\n<p><strong>Address:\u00a0<\/strong>Journal of the Croatian Botanical Society, Rooseveltov trg 6, HR-10000 Zagreb, Croatia, <a href=\"mailto:hbd.glasnik@gmail.com\"><strong>hbd.glasnik@gmail.com<\/strong><\/a><\/p>\n<p><strong>ISSN<\/strong>: 1848-8102<\/p>\n<p><strong>Abbreviated title:<\/strong>\u00a0Glas. Hrvat. bot. dru\u0161.<\/p>\n<p><strong>Publishing frequency:<\/strong>\u00a02 issues annually<\/p>\n<p>Journal of the Croatian Botanical Society does not charge fees for publishing an article (Article processing charges \u2013 APC), nor any other fees to authors.<\/p>\n<p><strong>Copyrights of Journal of the Croatian Botanical Society<\/strong><\/p>\n<p>Editorial Team supports open access to all published content. Journal of the Croatian Botanical Society is an Open Access journal. Users are allowed to read, download, copy, redistribute, print, search and link to material, and alter, transform, or build upon the material, or use them for any other lawful purpose as long as they attribute the source in an appropriate manner according to the CC BY licence. This work is licensed under a <strong><span style=\"color: #008080;\"><a href=\"http:\/\/creativecommons.org\/licenses\/by\/4.0\/\" style=\"color: #008080;\">Creative Commons Attribution 4.0 International License<\/a><\/span><\/strong>. Authors that publish in Journal of the Croatian Botanical Society retain unrestricted copyright to their work and publishing rights. Work is licensed under the CC BY licence which allows articles to be re-used and re-distributed without restriction, as long as the original work is correctly cited.<\/p>\n<p><strong>Journal topics<\/strong><\/p>\n<p>Vascular plants, bryophytes, lichens, algae, fungi, vegetation, habitats, taxonomy, systematics, nomenclature, ecology, applied botany<\/p>\n<p><strong>Objectives &amp; Scope<\/strong><\/p>\n<p>Journal of the Croatian Botanical Society is the scientific and professional journal of the Croatian Botanical Society (HBoD) that publishes:<\/p>\n<p><strong>A\/\u00a0<\/strong>contributions in accordance with acceptable topics of the journal in the form of:<\/p>\n<ol>\n<li>Original scientific paper<\/li>\n<li>Short communication<\/li>\n<li>Professional paper<\/li>\n<li><span style=\"color: #000000;\">Review paper<\/span><\/li>\n<\/ol>\n<p><strong>B\/\u00a0<\/strong>contributions to the bibliography on flora and vegetation of\u00a0Croatia<br \/><strong>C\/<\/strong> Books reviews<br \/><strong>D<\/strong>\/ Brief Reports, In Memoriam, Obituary, Anniversaries, Reminiscences and Recommendations<br \/><strong>E<\/strong>\/ news and other information related to the work of the Croatian Botanical Society as well as the broader botanical and biological community, and related professions and disciplines.<\/p>\n<p><span style=\"color: #008080;\"><a href=\"https:\/\/www.hbod.hr\/wp-content\/uploads\/2024\/02\/Dokument-o-izdavackoj-etici-i-znanstvenoj-cestitosti.pdf\" style=\"color: #008080;\"><strong>Publication ethics and malpractice statement<\/strong><\/a><\/span><\/p>\n<p>[\/et_pb_text][\/et_pb_column][\/et_pb_row][\/et_pb_section]<\/p>\n","protected":false},"excerpt":{"rendered":"<p>About the JournalPublisher:\u00a0Croatian Botanical Society (www.hbod.hr) Address:\u00a0Journal of the Croatian Botanical Society, Rooseveltov trg 6, HR-10000 Zagreb, Croatia, hbd.glasnik@gmail.com ISSN: 1848-8102 Abbreviated title:\u00a0Glas. Hrvat. bot. dru\u0161. Publishing frequency:\u00a02 issues annually Journal of the Croatian Botanical Society does not charge fees for publishing an article (Article processing charges \u2013 APC), nor any other fees to authors. [&hellip;]<\/p>\n","protected":false},"author":1,"featured_media":0,"parent":17972,"menu_order":0,"comment_status":"closed","ping_status":"closed","template":"","meta":{"_et_pb_use_builder":"on","_et_pb_old_content":"[et_pb_section fb_built=\"1\" fullwidth=\"on\" _builder_version=\"4.16\" _module_preset=\"default\" background_enable_color=\"off\" background_enable_image=\"off\" parallax=\"on\" locked=\"off\" global_colors_info=\"{}\"][et_pb_fullwidth_slider use_bg_overlay=\"off\" _builder_version=\"4.16\" _module_preset=\"default\" header_font=\"Poppins||||||||\" parallax=\"on\" content_width=\"100%\" custom_padding=\"280px|||||\" global_colors_info=\"{}\"][et_pb_slide heading=\"Hrvatsko botani\u010dko dru\u0161tvo\" use_bg_overlay=\"off\" use_text_overlay=\"on\" text_border_radius=\"20px\" _builder_version=\"4.16\" _module_preset=\"default\" header_font=\"Poppins|800||on|||||\" header_font_size=\"50px\" header_letter_spacing=\"1px\" background_enable_color=\"off\" background_image=\"http:\/\/www.hbod.hr\/wp-content\/uploads\/2021\/04\/viter-oskorus\u030cno-6-scaled.jpg\" background_enable_image=\"on\" width=\"65%\" custom_padding=\"5px||||false|false\" header_font_size_tablet=\"50px\" header_font_size_phone=\"25px\" header_font_size_last_edited=\"on|phone\" global_colors_info=\"{}\" sticky_transition=\"on\"][\/et_pb_slide][et_pb_slide _builder_version=\"4.16\" _module_preset=\"default\" background_enable_color=\"off\" background_image=\"http:\/\/www.hbod.hr\/wp-content\/uploads\/2021\/04\/kriva-dolina-4-scaled.jpg\" background_enable_image=\"on\" global_colors_info=\"{}\" sticky_transition=\"on\"][\/et_pb_slide][\/et_pb_fullwidth_slider][\/et_pb_section][et_pb_section fb_built=\"1\" _builder_version=\"4.16\" _module_preset=\"default\" global_colors_info=\"{}\"][et_pb_row _builder_version=\"4.16\" _module_preset=\"default\" global_colors_info=\"{}\"][et_pb_column type=\"4_4\" _builder_version=\"4.16\" _module_preset=\"default\" global_colors_info=\"{}\"][et_pb_text quote_border_color=\"#12876f\" _builder_version=\"4.24.0\" _module_preset=\"default\" text_font=\"Poppins|300|||||||\" text_font_size=\"15px\" link_font=\"Poppins|600|||||||\" link_text_color=\"#12876f\" quote_font=\"Poppins||||||||\" header_font=\"Poppins||||||||\" header_text_color=\"#474747\" custom_padding=\"16px||2px|||\" global_colors_info=\"{}\"]\n<h1>O \u010dasopisu<\/h1>\n[\/et_pb_text][et_pb_text _builder_version=\"4.24.0\" _module_preset=\"default\" text_font=\"Poppins|300|||||||\" text_text_color=\"#474747\" text_font_size=\"15px\" custom_margin=\"-22px|||||\" link_option_url_new_window=\"on\" hover_enabled=\"0\" global_colors_info=\"{}\" sticky_enabled=\"0\"]\n\n<strong>Izdava\u010d:<\/strong> Hrvatsko botani\u010dko dru\u0161tvo (<strong><span style=\"color: #008000;\"><a href=\"https:\/\/www.hbod.hr\/\" target=\"_blank\" rel=\"noopener\" style=\"color: #008000;\">www.hbod.hr<\/a><\/span><\/strong>)\n\n<strong>Adresa uredni\u0161tva:<\/strong> Glasnik Hrvatskog botani\u010dkog dru\u0161tva, Rooseveltov trg 6, 10000 Zagreb, Hrvatska\n\n<strong>ISSN:<\/strong> 1848-8102\n\n<strong>Skra\u0107eni naslov:<\/strong> Glas. Hrvat. bot. dru\u0161.\n\n<strong>Dinamika objavljivanja:<\/strong> 2 broja godi\u0161nje\n\nGlasnik Hrvatskog botani\u010dkog dru\u0161tva autorima ne napla\u0107uje objavu radova.\n\n<strong>Autorska prava u sklopu Glasnika Hrvatskog botani\u010dkog dru\u0161tva<\/strong>\n\nGlasnik Hrvatskog botani\u010dkog dru\u0161tva je znanstveno-stru\u010dni \u010dasopis u otvorenom pristupu. Sadr\u017eaj \u010dasopisa u cjelosti je besplatno dostupan. Korisnici smiju \u010ditati, preuzimati, kopirati, distribuirati, tiskati, pretra\u017eivati ili stavljati poveznice na materijal te mijenjati, preoblikovati i prera\u0111ivati materijal ili ga koristiti na druge zakonite na\u010dine, sve dok odgovaraju\u0107e citiraju izvornik, sukladno CC BY licenci. Ovo djelo je dano na kori\u0161tenje pod licencom\u00a0<a href=\"http:\/\/creativecommons.org\/licenses\/by\/4.0\/\">Creative Commons Imenovanje 4.0 me\u0111unarodna<\/a>. Autori koji objave rad u Glasniku Hrvatskog botani\u010dkog dru\u0161tva zadr\u017eavaju autorska prava nad svojim radom i pravom na objavljivanje bez ograni\u010denja. Rad se licencira pod CC BY licencom koja dopu\u0161ta da \u010dlanci budu ponovno kori\u0161teni i distribuirani bez ograni\u010denja dokle god je izvorni sadr\u017eaj ispravno citiran.\n\n<strong>Teme \u010dasopisa<\/strong>\n\nVaskularna flora, mahovine, li\u0161ajevi, alge, gljive, vegetacija, stani\u0161ta, taksonomija, sistematika, nomenklatura, ekologija, primijenjena botanika\n\n<strong>Namjena i ciljevi<\/strong>\n\nGlasnik HBoD-a objavljuje:\n\n<strong>A\/\u00a0<\/strong>priloge sukladne prihvatljivim temama \u010dasopisa u obliku:\n<ol>\n \t<li>Izvorni znanstveni \u010dlanak<\/li>\n \t<li>Kratko priop\u0107enje<\/li>\n \t<li>Stru\u010dni rad<\/li>\n \t<li><span>Pregledni rad<\/span><\/li>\n<\/ol>\n<strong>B\/\u00a0<\/strong>priloge bibliografiji flore i vegetacije Hrvatske\n\n<strong>C\/<\/strong> prikaze knjiga\n\n<strong>D\/\u00a0<\/strong>novosti i druge obavijesti povezane s radom HBoD-a kao i \u0161ire botani\u010dke i biolo\u0161ke zajednice, te vezanih struka i disciplina.\n\n&nbsp;\n\n<a href=\"https:\/\/www.hbod.hr\/wp-content\/uploads\/2024\/02\/Dokument-o-izdavackoj-etici-i-znanstvenoj-cestitosti.pdf\"><strong>Dokument o izdava\u010dkoj etici i znanstvenoj \u010destici<\/strong><\/a>\n\n[\/et_pb_text][\/et_pb_column][\/et_pb_row][\/et_pb_section]","_et_gb_content_width":"","footnotes":""},"class_list":["post-19492","page","type-page","status-publish","hentry"],"_links":{"self":[{"href":"https:\/\/www.hbod.hr\/en\/wp-json\/wp\/v2\/pages\/19492","targetHints":{"allow":["GET"]}}],"collection":[{"href":"https:\/\/www.hbod.hr\/en\/wp-json\/wp\/v2\/pages"}],"about":[{"href":"https:\/\/www.hbod.hr\/en\/wp-json\/wp\/v2\/types\/page"}],"author":[{"embeddable":true,"href":"https:\/\/www.hbod.hr\/en\/wp-json\/wp\/v2\/users\/1"}],"replies":[{"embeddable":true,"href":"https:\/\/www.hbod.hr\/en\/wp-json\/wp\/v2\/comments?post=19492"}],"version-history":[{"count":9,"href":"https:\/\/www.hbod.hr\/en\/wp-json\/wp\/v2\/pages\/19492\/revisions"}],"predecessor-version":[{"id":22676,"href":"https:\/\/www.hbod.hr\/en\/wp-json\/wp\/v2\/pages\/19492\/revisions\/22676"}],"up":[{"embeddable":true,"href":"https:\/\/www.hbod.hr\/en\/wp-json\/wp\/v2\/pages\/17972"}],"wp:attachment":[{"href":"https:\/\/www.hbod.hr\/en\/wp-json\/wp\/v2\/media?parent=19492"}],"curies":[{"name":"wp","href":"https:\/\/api.w.org\/{rel}","templated":true}]}}